{"id":23567,"date":"2021-06-23T15:16:44","date_gmt":"2021-06-23T18:16:44","guid":{"rendered":"http:\/\/abrantess.com.br\/abrantessolucoes\/?page_id=23567"},"modified":"2021-07-13T10:30:51","modified_gmt":"2021-07-13T13:30:51","slug":"aviso","status":"publish","type":"page","link":"https:\/\/abrantess.com.br\/abrantessolucoes\/","title":{"rendered":"Aviso"},"content":{"rendered":"\t\t<div data-elementor-type=\"wp-page\" data-elementor-id=\"23567\" class=\"elementor elementor-23567\" data-elementor-settings=\"[]\">\n\t\t\t\t\t\t\t<div class=\"elementor-section-wrap\">\n\t\t\t\t\t\t\t<section class=\"elementor-section elementor-top-section elementor-element elementor-element-f88cd1c elementor-section-height-min-height elementor-section-boxed elementor-section-height-default elementor-section-items-middle\" data-id=\"f88cd1c\" data-element_type=\"section\" data-settings=\"{&quot;background_background&quot;:&quot;gradient&quot;}\">\n\t\t\t\t\t\t<div class=\"elementor-container elementor-column-gap-default\">\n\t\t\t\t\t<div class=\"elementor-column elementor-col-100 elementor-top-column elementor-element elementor-element-c209905\" data-id=\"c209905\" data-element_type=\"column\">\n\t\t\t<div class=\"elementor-widget-wrap elementor-element-populated\">\n\t\t\t\t\t\t\t\t<div class=\"elementor-element elementor-element-00f6135 elementor-widget elementor-widget-heading\" data-id=\"00f6135\" data-element_type=\"widget\" data-widget_type=\"heading.default\">\n\t\t\t\t<div class=\"elementor-widget-container\">\n\t\t\t<h2 class=\"elementor-heading-title elementor-size-default\">A Abrantes Solu\u00e7\u00f5es agora \u00e9 Deltapoint<\/h2>\t\t<\/div>\n\t\t\t\t<\/div>\n\t\t\t\t<section class=\"elementor-section elementor-inner-section elementor-element elementor-element-5127dae elementor-section-boxed elementor-section-height-default elementor-section-height-default\" data-id=\"5127dae\" data-element_type=\"section\">\n\t\t\t\t\t\t<div class=\"elementor-container elementor-column-gap-default\">\n\t\t\t\t\t<div class=\"elementor-column elementor-col-33 elementor-inner-column elementor-element elementor-element-c0cfe5a\" data-id=\"c0cfe5a\" data-element_type=\"column\" data-settings=\"{&quot;background_background&quot;:&quot;classic&quot;}\">\n\t\t\t<div class=\"elementor-widget-wrap elementor-element-populated\">\n\t\t\t\t\t\t\t\t<div class=\"elementor-element elementor-element-33459ff elementor-widget elementor-widget-image\" data-id=\"33459ff\" data-element_type=\"widget\" data-widget_type=\"image.default\">\n\t\t\t\t<div class=\"elementor-widget-container\">\n\t\t\t\t\t\t\t\t\t\t\t\t\t\t\t<img width=\"250\" height=\"134\" src=\"https:\/\/abrantess.com.br\/abrantessolucoes\/wp-content\/uploads\/2017\/01\/logo.png\" class=\"attachment-large size-large\" alt=\"\" loading=\"lazy\" style=\"width:100%;height:53.6%;max-width:250px;\" \/>\t\t\t\t\t\t\t\t\t\t\t\t\t\t\t<\/div>\n\t\t\t\t<\/div>\n\t\t\t\t\t<\/div>\n\t\t<\/div>\n\t\t\t\t<div class=\"elementor-column elementor-col-33 elementor-inner-column elementor-element elementor-element-1ac6bd1\" data-id=\"1ac6bd1\" data-element_type=\"column\">\n\t\t\t<div class=\"elementor-widget-wrap elementor-element-populated\">\n\t\t\t\t\t\t\t\t<div class=\"elementor-element elementor-element-ea77d42 elementor-view-default elementor-widget elementor-widget-icon\" data-id=\"ea77d42\" data-element_type=\"widget\" data-widget_type=\"icon.default\">\n\t\t\t\t<div class=\"elementor-widget-container\">\n\t\t\t\t\t<div class=\"elementor-icon-wrapper\">\n\t\t\t<div class=\"elementor-icon\">\n\t\t\t<i aria-hidden=\"true\" class=\"fas fa-angle-double-right\"><\/i>\t\t\t<\/div>\n\t\t<\/div>\n\t\t\t\t<\/div>\n\t\t\t\t<\/div>\n\t\t\t\t\t<\/div>\n\t\t<\/div>\n\t\t\t\t<div class=\"elementor-column elementor-col-33 elementor-inner-column elementor-element elementor-element-468688b\" data-id=\"468688b\" data-element_type=\"column\" data-settings=\"{&quot;background_background&quot;:&quot;classic&quot;}\">\n\t\t\t<div class=\"elementor-widget-wrap elementor-element-populated\">\n\t\t\t\t\t\t\t\t<div class=\"elementor-element elementor-element-62f52a7 elementor-widget elementor-widget-image\" data-id=\"62f52a7\" data-element_type=\"widget\" data-widget_type=\"image.default\">\n\t\t\t\t<div class=\"elementor-widget-container\">\n\t\t\t\t\t\t\t\t\t\t\t\t\t\t\t<img width=\"750\" height=\"199\" src=\"https:\/\/abrantess.com.br\/abrantessolucoes\/wp-content\/uploads\/2021\/06\/marca-color-1.png\" class=\"attachment-large size-large\" alt=\"\" loading=\"lazy\" srcset=\"https:\/\/abrantess.com.br\/abrantessolucoes\/wp-content\/uploads\/2021\/06\/marca-color-1.png 844w, https:\/\/abrantess.com.br\/abrantessolucoes\/wp-content\/uploads\/2021\/06\/marca-color-1-768x204.png 768w\" sizes=\"(max-width: 750px) 100vw, 750px\" style=\"width:100%;height:26.54%;max-width:844px;\" \/>\t\t\t\t\t\t\t\t\t\t\t\t\t\t\t<\/div>\n\t\t\t\t<\/div>\n\t\t\t\t\t<\/div>\n\t\t<\/div>\n\t\t\t\t\t\t\t<\/div>\n\t\t<\/section>\n\t\t\t\t<div class=\"elementor-element elementor-element-572535d elementor-widget elementor-widget-text-editor\" data-id=\"572535d\" data-element_type=\"widget\" data-widget_type=\"text-editor.default\">\n\t\t\t\t<div class=\"elementor-widget-container\">\n\t\t\t\t\t\t\t\t<p><span style=\"color: #ffffff;\">Estamos redirecionando voc\u00ea para o nosso site! \ud83d\ude42<\/span><\/p>\t\t\t\t\t\t<\/div>\n\t\t\t\t<\/div>\n\t\t\t\t<div class=\"elementor-element elementor-element-71b8cb2 elementor-align-center elementor-widget elementor-widget-button\" data-id=\"71b8cb2\" data-element_type=\"widget\" data-widget_type=\"button.default\">\n\t\t\t\t<div class=\"elementor-widget-container\">\n\t\t\t\t\t<div class=\"elementor-button-wrapper\">\n\t\t\t<a href=\"https:\/\/deltapoint.com.br\" class=\"elementor-button-link elementor-button elementor-size-lg\" role=\"button\">\n\t\t\t\t\t\t<span class=\"elementor-button-content-wrapper\">\n\t\t\t\t\t\t<span class=\"elementor-button-text\">Acesse nosso novo site!<\/span>\n\t\t<\/span>\n\t\t\t\t\t<\/a>\n\t\t<\/div>\n\t\t\t\t<\/div>\n\t\t\t\t<\/div>\n\t\t\t\t\t<\/div>\n\t\t<\/div>\n\t\t\t\t\t\t\t<\/div>\n\t\t<\/section>\n\t\t\t\t\t\t<\/div>\n\t\t\t\t\t<\/div>\n\t\t","protected":false},"excerpt":{"rendered":"<p>A Abrantes Solu\u00e7\u00f5es agora \u00e9 Deltapoint Estamos redirecionando voc\u00ea para o nosso site! \ud83d\ude42 Acesse nosso novo site!<\/p>\n","protected":false},"author":1,"featured_media":0,"parent":0,"menu_order":0,"comment_status":"closed","ping_status":"closed","template":"elementor_canvas","meta":[],"_links":{"self":[{"href":"https:\/\/abrantess.com.br\/abrantessolucoes\/wp-json\/wp\/v2\/pages\/23567"}],"collection":[{"href":"https:\/\/abrantess.com.br\/abrantessolucoes\/wp-json\/wp\/v2\/pages"}],"about":[{"href":"https:\/\/abrantess.com.br\/abrantessolucoes\/wp-json\/wp\/v2\/types\/page"}],"author":[{"embeddable":true,"href":"https:\/\/abrantess.com.br\/abrantessolucoes\/wp-json\/wp\/v2\/users\/1"}],"replies":[{"embeddable":true,"href":"https:\/\/abrantess.com.br\/abrantessolucoes\/wp-json\/wp\/v2\/comments?post=23567"}],"version-history":[{"count":22,"href":"https:\/\/abrantess.com.br\/abrantessolucoes\/wp-json\/wp\/v2\/pages\/23567\/revisions"}],"predecessor-version":[{"id":23591,"href":"https:\/\/abrantess.com.br\/abrantessolucoes\/wp-json\/wp\/v2\/pages\/23567\/revisions\/23591"}],"wp:attachment":[{"href":"https:\/\/abrantess.com.br\/abrantessolucoes\/wp-json\/wp\/v2\/media?parent=23567"}],"curies":[{"name":"wp","href":"https:\/\/api.w.org\/{rel}","templated":true}]}}